{"id":13585,"date":"2020-04-09T21:43:40","date_gmt":"2020-04-09T21:43:40","guid":{"rendered":"https:\/\/www1.realestatecrm.io\/gerez-vos-activites\/"},"modified":"2020-04-12T00:51:33","modified_gmt":"2020-04-12T00:51:33","slug":"gerez-vos-activites","status":"publish","type":"page","link":"https:\/\/www1.realestatecrm.io\/fr\/fonctionnalites\/gerez-vos-activites\/","title":{"rendered":"G\u00e9rez Vos Activit\u00e9s"},"content":{"rendered":"\t\t<div data-elementor-type=\"wp-page\" data-elementor-id=\"13585\" class=\"elementor elementor-13585 elementor-12589\" data-elementor-post-type=\"page\">\n\t\t\t\t\t\t<section class=\"elementor-section elementor-top-section elementor-element elementor-element-150ea98 elementor-section-boxed elementor-section-height-default elementor-section-height-default mkdf-parallax-row-no mkdf-row-grid-no mkdf-disabled-bg-image-bellow-no\" data-id=\"150ea98\" data-element_type=\"section\">\n\t\t\t\t\t\t<div class=\"elementor-container elementor-column-gap-default\">\n\t\t\t\t\t<div class=\"elementor-column elementor-col-100 elementor-top-column elementor-element elementor-element-5c438b3\" data-id=\"5c438b3\" data-element_type=\"column\">\n\t\t\t<div class=\"elementor-widget-wrap\">\n\t\t\t\t\t\t\t<\/div>\n\t\t<\/div>\n\t\t\t\t\t<\/div>\n\t\t<\/section>\n\t\t\t\t<section class=\"elementor-section elementor-top-section elementor-element elementor-element-de8f8cc elementor-section-boxed elementor-section-height-default elementor-section-height-default mkdf-parallax-row-no mkdf-row-grid-no mkdf-disabled-bg-image-bellow-no\" data-id=\"de8f8cc\" data-element_type=\"section\">\n\t\t\t\t\t\t<div class=\"elementor-container elementor-column-gap-default\">\n\t\t\t\t\t<div class=\"elementor-column elementor-col-100 elementor-top-column elementor-element elementor-element-82c4325\" data-id=\"82c4325\" data-element_type=\"column\">\n\t\t\t<div class=\"elementor-widget-wrap\">\n\t\t\t\t\t\t\t<\/div>\n\t\t<\/div>\n\t\t\t\t\t<\/div>\n\t\t<\/section>\n\t\t\t\t<section class=\"elementor-section elementor-top-section elementor-element elementor-element-3180baa elementor-section-full_width mkdf-disabled-bg-image-bellow-1024 elementor-section-height-default elementor-section-height-default mkdf-parallax-row-no mkdf-row-grid-no\" data-id=\"3180baa\" data-element_type=\"section\" data-settings=\"{&quot;background_background&quot;:&quot;classic&quot;}\">\n\t\t\t\t\t\t<div class=\"elementor-container elementor-column-gap-default\">\n\t\t\t\t\t<div class=\"elementor-column elementor-col-100 elementor-top-column elementor-element elementor-element-81def98\" data-id=\"81def98\" data-element_type=\"column\">\n\t\t\t<div class=\"elementor-widget-wrap elementor-element-populated\">\n\t\t\t\t\t\t<section class=\"elementor-section elementor-inner-section elementor-element elementor-element-980999d elementor-section-full_width mkdf-row-grid-section elementor-section-height-default elementor-section-height-default mkdf-parallax-row-no mkdf-disabled-bg-image-bellow-no\" data-id=\"980999d\" data-element_type=\"section\">\n\t\t\t\t\t\t<div class=\"elementor-container elementor-column-gap-default\">\n\t\t\t\t\t<div class=\"elementor-column elementor-col-50 elementor-inner-column elementor-element elementor-element-0d12a7f\" data-id=\"0d12a7f\" data-element_type=\"column\">\n\t\t\t<div class=\"elementor-widget-wrap elementor-element-populated\">\n\t\t\t\t\t\t<div class=\"elementor-element elementor-element-f82e46d elementor-widget elementor-widget-mkdf_elementor_section_title\" data-id=\"f82e46d\" data-element_type=\"widget\" data-widget_type=\"mkdf_elementor_section_title.default\">\n\t\t\t\t<div class=\"elementor-widget-container\">\n\t\t\t<div class=\"mkdf-section-title-holder  mkdf-st-standard mkdf-st-title-left mkdf-st-normal-space \" >\n\t<div class=\"mkdf-st-inner\">\n\t\t\t\t\t<h3 class=\"mkdf-st-title\" >\n\t\t\t\tG\u00e9rez Vos Activit\u00e9s\t\t\t<\/h3>\n\t\t\t\t\t\t\t<p class=\"mkdf-st-text\" style=\"font-size: 20px;line-height: 33px;margin-top: 25px\">\n\t\t\t\tL'activit\u00e9 permet aux autres utilisateurs de savoir exactement ce qui s'est pass\u00e9, quand ces activit\u00e9s ont eu lieu et combien de temps a \u00e9t\u00e9 utilis\u00e9 pour effectuer ou terminer ces activit\u00e9s.\t\t\t<\/p>\n\t\t\t<\/div>\n<\/div>\t\t<\/div>\n\t\t\t\t<\/div>\n\t\t\t\t<div class=\"elementor-element elementor-element-3870bf9 elementor-widget elementor-widget-mkdf_elementor_button\" data-id=\"3870bf9\" data-element_type=\"widget\" data-widget_type=\"mkdf_elementor_button.default\">\n\t\t\t\t<div class=\"elementor-widget-container\">\n\t\t\t<a itemprop=\"url\" href=\"https:\/\/www1.realestatecrm.io\/fr\/plans\/\" target=\"_self\"  class=\"mkdf-btn mkdf-btn-medium mkdf-btn-solid\"  >\n    <span class=\"mkdf-btn-text\">Voir les Tarifs<\/span>\n    <\/a>\t\t<\/div>\n\t\t\t\t<\/div>\n\t\t\t\t\t<\/div>\n\t\t<\/div>\n\t\t\t\t<div class=\"elementor-column elementor-col-50 elementor-inner-column elementor-element elementor-element-8c12809\" data-id=\"8c12809\" data-element_type=\"column\">\n\t\t\t<div class=\"elementor-widget-wrap elementor-element-populated\">\n\t\t\t\t\t\t<div class=\"elementor-element elementor-element-c67dcce elementor-widget elementor-widget-mkdf_elementor_single_image\" data-id=\"c67dcce\" data-element_type=\"widget\" data-widget_type=\"mkdf_elementor_single_image.default\">\n\t\t\t\t<div class=\"elementor-widget-container\">\n\t\t\t<div class=\"mkdf-single-image-holder    \">\n    <div class=\"mkdf-si-inner\" >\n                                    <img fetchpriority=\"high\" decoding=\"async\" width=\"800\" height=\"467\" src=\"https:\/\/www1.realestatecrm.io\/wp-content\/uploads\/2019\/12\/marketing-home-img-22.png\" class=\"attachment-full size-full\" alt=\"p\" srcset=\"https:\/\/www1.realestatecrm.io\/wp-content\/uploads\/2019\/12\/marketing-home-img-22.png 800w, https:\/\/www1.realestatecrm.io\/wp-content\/uploads\/2019\/12\/marketing-home-img-22-300x175.png 300w, https:\/\/www1.realestatecrm.io\/wp-content\/uploads\/2019\/12\/marketing-home-img-22-768x448.png 768w\" sizes=\"(max-width: 800px) 100vw, 800px\" \/>                        <\/div>\n<\/div>\t\t<\/div>\n\t\t\t\t<\/div>\n\t\t\t\t\t<\/div>\n\t\t<\/div>\n\t\t\t\t\t<\/div>\n\t\t<\/section>\n\t\t\t\t\t<\/div>\n\t\t<\/div>\n\t\t\t\t\t<\/div>\n\t\t<\/section>\n\t\t\t\t<section class=\"elementor-section elementor-top-section elementor-element elementor-element-5cd06ad elementor-section-full_width elementor-section-height-default elementor-section-height-default mkdf-parallax-row-no mkdf-row-grid-no mkdf-disabled-bg-image-bellow-no\" data-id=\"5cd06ad\" data-element_type=\"section\" data-settings=\"{&quot;background_background&quot;:&quot;classic&quot;}\">\n\t\t\t\t\t\t<div class=\"elementor-container elementor-column-gap-default\">\n\t\t\t\t\t<div class=\"elementor-column elementor-col-100 elementor-top-column elementor-element elementor-element-3e43a11\" data-id=\"3e43a11\" data-element_type=\"column\">\n\t\t\t<div class=\"elementor-widget-wrap elementor-element-populated\">\n\t\t\t\t\t\t<section class=\"elementor-section elementor-inner-section elementor-element elementor-element-9680b95 elementor-section-full_width mkdf-row-grid-section elementor-section-height-default elementor-section-height-default mkdf-parallax-row-no mkdf-disabled-bg-image-bellow-no\" data-id=\"9680b95\" data-element_type=\"section\">\n\t\t\t\t\t\t<div class=\"elementor-container elementor-column-gap-default\">\n\t\t\t\t\t<div class=\"elementor-column elementor-col-100 elementor-inner-column elementor-element elementor-element-fcf80ef\" data-id=\"fcf80ef\" data-element_type=\"column\">\n\t\t\t<div class=\"elementor-widget-wrap elementor-element-populated\">\n\t\t\t\t\t\t<div class=\"elementor-element elementor-element-07dfded elementor-widget elementor-widget-mkdf_elementor_item_showcase\" data-id=\"07dfded\" data-element_type=\"widget\" data-widget_type=\"mkdf_elementor_item_showcase.default\">\n\t\t\t\t<div class=\"elementor-widget-container\">\n\t\t\t\t\t\n\t\t<div class=\"mkdf-item-showcase-holder clearfix\">\n\t\t\t\n\t\t\t<div class=\"mkdf-is-item mkdf-is-left\">\n\t<div class=\"mkdf-item-inner\">\n                <div class=\"mkdf-is-content\">\n\t\t\t\t\t<h4 class=\"mkdf-is-title\" >\n\t\t\t\t<a href=\"#\" target=\"_self\">\t\t\t\tCreate tasks\t\t\t\t<\/a>\t\t\t<\/h4>\n\t\t\t\t\t\t\t<p class=\"mkdf-is-text\" >related to any of your records<\/p>\n\t\t        <\/div>\n        \t\t\t<div class=\"mkdf-is-icon\">\n\t\t\t\t\t\t\t    <span class=\"mkdf-icon-shortcode mkdf-normal   mkdf-icon-medium\"  >\n                    <i class=\"mkdf-icon-dripicons dripicon dripicons-enter mkdf-icon-element\" style=\"\" ><\/i>            <\/span>\n\t\t\t\t\t\t<\/div>\n    \t<\/div>\n<\/div><div class=\"mkdf-is-item mkdf-is-left\">\n\t<div class=\"mkdf-item-inner\">\n                <div class=\"mkdf-is-content\">\n\t\t\t\t\t<h4 class=\"mkdf-is-title\" >\n\t\t\t\t<a href=\"#\" target=\"_self\">\t\t\t\tCalendar\t\t\t\t<\/a>\t\t\t<\/h4>\n\t\t\t\t\t\t\t<p class=\"mkdf-is-text\" >or list view<\/p>\n\t\t        <\/div>\n        \t\t\t<div class=\"mkdf-is-icon\">\n\t\t\t\t\t\t\t    <span class=\"mkdf-icon-shortcode mkdf-normal   mkdf-icon-medium\"  >\n                    <i class=\"mkdf-icon-dripicons dripicon dripicons-calendar mkdf-icon-element\" style=\"\" ><\/i>            <\/span>\n\t\t\t\t\t\t<\/div>\n    \t<\/div>\n<\/div><div class=\"mkdf-is-item mkdf-is-left\">\n\t<div class=\"mkdf-item-inner\">\n                <div class=\"mkdf-is-content\">\n\t\t\t\t\t<h4 class=\"mkdf-is-title\" >\n\t\t\t\t<a href=\"#\" target=\"_self\">\t\t\t\tSynchronize calendar\t\t\t\t<\/a>\t\t\t<\/h4>\n\t\t\t\t\t\t\t<p class=\"mkdf-is-text\" >with your team, google calendar or iCal<\/p>\n\t\t        <\/div>\n        \t\t\t<div class=\"mkdf-is-icon\">\n\t\t\t\t\t\t\t<img decoding=\"async\" width=\"32\" height=\"39\" data-src=\"https:\/\/www1.realestatecrm.io\/wp-content\/uploads\/2019\/12\/marketing-home-img-15.png\" class=\"attachment-full size-full lazyload\" alt=\"j\" src=\"data:image\/gif;base64,R0lGODlhAQABAAAAACH5BAEKAAEALAAAAAABAAEAAAICTAEAOw==\" style=\"--smush-placeholder-width: 32px; --smush-placeholder-aspect-ratio: 32\/39;\" \/>\t\t\t\t\t\t<\/div>\n    \t<\/div>\n<\/div><div class=\"mkdf-is-item mkdf-is-right\">\n\t<div class=\"mkdf-item-inner\">\n                    <div class=\"mkdf-is-icon\">\n\t\t\t\t\t\t\t\t\t<img decoding=\"async\" width=\"32\" height=\"39\" data-src=\"https:\/\/www1.realestatecrm.io\/wp-content\/uploads\/2019\/12\/marketing-home-img-16.png\" class=\"attachment-full size-full lazyload\" alt=\"h\" src=\"data:image\/gif;base64,R0lGODlhAQABAAAAACH5BAEKAAEALAAAAAABAAEAAAICTAEAOw==\" style=\"--smush-placeholder-width: 32px; --smush-placeholder-aspect-ratio: 32\/39;\" \/>\t\t\t\t            <\/div>\n                <div class=\"mkdf-is-content\">\n\t\t\t\t\t<h4 class=\"mkdf-is-title\" >\n\t\t\t\t<a href=\"#\" target=\"_self\">\t\t\t\tPowerful\t\t\t\t<\/a>\t\t\t<\/h4>\n\t\t\t\t\t\t\t<p class=\"mkdf-is-text\" >tasks management<\/p>\n\t\t        <\/div>\n        \t<\/div>\n<\/div><div class=\"mkdf-is-item mkdf-is-right\">\n\t<div class=\"mkdf-item-inner\">\n                    <div class=\"mkdf-is-icon\">\n\t\t\t\t\t\t\t\t\t<img decoding=\"async\" width=\"32\" height=\"39\" data-src=\"https:\/\/www1.realestatecrm.io\/wp-content\/uploads\/2019\/12\/marketing-home-img-17.png\" class=\"attachment-full size-full lazyload\" alt=\"f\" src=\"data:image\/gif;base64,R0lGODlhAQABAAAAACH5BAEKAAEALAAAAAABAAEAAAICTAEAOw==\" style=\"--smush-placeholder-width: 32px; --smush-placeholder-aspect-ratio: 32\/39;\" \/>\t\t\t\t            <\/div>\n                <div class=\"mkdf-is-content\">\n\t\t\t\t\t<h4 class=\"mkdf-is-title\" >\n\t\t\t\t<a href=\"#\" target=\"_self\">\t\t\t\tTrack your calls\t\t\t\t<\/a>\t\t\t<\/h4>\n\t\t\t\t\t\t\t<p class=\"mkdf-is-text\" >and manage your call records<\/p>\n\t\t        <\/div>\n        \t<\/div>\n<\/div>\t\t\t\n\t\t\t\t\t\t\t<div class=\"mkdf-is-image\" style=\"margin-top: -73px\">\n\t\t\t\t\t<img decoding=\"async\" width=\"646\" height=\"697\" data-src=\"https:\/\/www1.realestatecrm.io\/wp-content\/uploads\/2019\/12\/marketing-home-img-5.png\" class=\"attachment-full size-full lazyload\" alt=\"f\" data-srcset=\"https:\/\/www1.realestatecrm.io\/wp-content\/uploads\/2019\/12\/marketing-home-img-5.png 646w, https:\/\/www1.realestatecrm.io\/wp-content\/uploads\/2019\/12\/marketing-home-img-5-278x300.png 278w\" data-sizes=\"(max-width: 646px) 100vw, 646px\" src=\"data:image\/gif;base64,R0lGODlhAQABAAAAACH5BAEKAAEALAAAAAABAAEAAAICTAEAOw==\" style=\"--smush-placeholder-width: 646px; --smush-placeholder-aspect-ratio: 646\/697;\" \/>\t\t\t\t<\/div>\n\t\t\t\t\t<\/div>\n\t\t\n\t\t\t\t<\/div>\n\t\t\t\t<\/div>\n\t\t\t\t\t<\/div>\n\t\t<\/div>\n\t\t\t\t\t<\/div>\n\t\t<\/section>\n\t\t\t\t\t<\/div>\n\t\t<\/div>\n\t\t\t\t\t<\/div>\n\t\t<\/section>\n\t\t\t\t<section class=\"elementor-section elementor-top-section elementor-element elementor-element-bec4ef3 elementor-section-full_width mkdf-disabled-bg-image-bellow-1024 elementor-section-height-default elementor-section-height-default mkdf-parallax-row-no mkdf-row-grid-no\" data-id=\"bec4ef3\" data-element_type=\"section\" data-settings=\"{&quot;background_background&quot;:&quot;classic&quot;}\">\n\t\t\t\t\t\t<div class=\"elementor-container elementor-column-gap-default\">\n\t\t\t\t\t<div class=\"elementor-column elementor-col-100 elementor-top-column elementor-element elementor-element-26b5bb3\" data-id=\"26b5bb3\" data-element_type=\"column\">\n\t\t\t<div class=\"elementor-widget-wrap elementor-element-populated\">\n\t\t\t\t\t\t<section class=\"elementor-section elementor-inner-section elementor-element elementor-element-fe907b6 elementor-section-full_width elementor-section-height-default elementor-section-height-default mkdf-parallax-row-no mkdf-row-grid-no mkdf-disabled-bg-image-bellow-no\" data-id=\"fe907b6\" data-element_type=\"section\">\n\t\t\t\t\t\t<div class=\"elementor-container elementor-column-gap-default\">\n\t\t\t\t\t<div class=\"elementor-column elementor-col-100 elementor-inner-column elementor-element elementor-element-6631d03\" data-id=\"6631d03\" data-element_type=\"column\">\n\t\t\t<div class=\"elementor-widget-wrap\">\n\t\t\t\t\t\t\t<\/div>\n\t\t<\/div>\n\t\t\t\t\t<\/div>\n\t\t<\/section>\n\t\t\t\t<section class=\"elementor-section elementor-inner-section elementor-element elementor-element-269a75a elementor-section-full_width mkdf-row-grid-section elementor-section-height-default elementor-section-height-default mkdf-parallax-row-no mkdf-disabled-bg-image-bellow-no\" data-id=\"269a75a\" data-element_type=\"section\">\n\t\t\t\t\t\t<div class=\"elementor-container elementor-column-gap-default\">\n\t\t\t\t\t<div class=\"elementor-column elementor-col-25 elementor-inner-column elementor-element elementor-element-cddf2be\" data-id=\"cddf2be\" data-element_type=\"column\">\n\t\t\t<div class=\"elementor-widget-wrap elementor-element-populated\">\n\t\t\t\t\t\t<div class=\"elementor-element elementor-element-fe166f5 elementor-widget elementor-widget-mkdf_elementor_icon_with_text\" data-id=\"fe166f5\" data-element_type=\"widget\" data-widget_type=\"mkdf_elementor_icon_with_text.default\">\n\t\t\t\t<div class=\"elementor-widget-container\">\n\t\t\t<div class=\"mkdf-iwt\">\n    <div class=\"mkdf-iwt-inner clearfix  mkdf-iwt-icon-top mkdf-iwt-icon-medium      \" >\n        <div class=\"mkdf-iwt-icon\">\n                            <a itemprop=\"url\" href=\"#\" target=\"_self\">\n                                                <img decoding=\"async\" width=\"69\" height=\"98\" data-src=\"https:\/\/www1.realestatecrm.io\/wp-content\/uploads\/2018\/06\/icon-img-1.png\" class=\"attachment-full size-full lazyload\" alt=\"j\" src=\"data:image\/gif;base64,R0lGODlhAQABAAAAACH5BAEKAAEALAAAAAABAAEAAAICTAEAOw==\" style=\"--smush-placeholder-width: 69px; --smush-placeholder-aspect-ratio: 69\/98;\" \/>                                                                    <\/a>\n                    <\/div>\n        <div class=\"mkdf-iwt-content\" style=\"padding-bottom: 21px\">\n                            <h4 class=\"mkdf-iwt-title\" style=\"margin-top: 28px\">\n                                            <a itemprop=\"url\" href=\"#\" target=\"_self\">\n                                        <span class=\"mkdf-iwt-title-text\">\u00c9V\u00c9NEMENTS <\/span>\n                                            <\/a>\n                                    <\/h4>\n                                <\/div>\n    <\/div>\n<\/div>\t\t<\/div>\n\t\t\t\t<\/div>\n\t\t\t\t\t<\/div>\n\t\t<\/div>\n\t\t\t\t<div class=\"elementor-column elementor-col-25 elementor-inner-column elementor-element elementor-element-1604091\" data-id=\"1604091\" data-element_type=\"column\">\n\t\t\t<div class=\"elementor-widget-wrap elementor-element-populated\">\n\t\t\t\t\t\t<div class=\"elementor-element elementor-element-d92289a elementor-widget elementor-widget-mkdf_elementor_icon_with_text\" data-id=\"d92289a\" data-element_type=\"widget\" data-widget_type=\"mkdf_elementor_icon_with_text.default\">\n\t\t\t\t<div class=\"elementor-widget-container\">\n\t\t\t<div class=\"mkdf-iwt\">\n    <div class=\"mkdf-iwt-inner clearfix  mkdf-iwt-icon-top mkdf-iwt-icon-medium      \" >\n        <div class=\"mkdf-iwt-icon\">\n                            <a itemprop=\"url\" href=\"#\" target=\"_self\">\n                                                <img decoding=\"async\" width=\"69\" height=\"98\" data-src=\"https:\/\/www1.realestatecrm.io\/wp-content\/uploads\/2018\/06\/icon-img-2-1.png\" class=\"attachment-full size-full lazyload\" alt=\"f\" src=\"data:image\/gif;base64,R0lGODlhAQABAAAAACH5BAEKAAEALAAAAAABAAEAAAICTAEAOw==\" style=\"--smush-placeholder-width: 69px; --smush-placeholder-aspect-ratio: 69\/98;\" \/>                                                                    <\/a>\n                    <\/div>\n        <div class=\"mkdf-iwt-content\" style=\"padding-bottom: 21px\">\n                            <h4 class=\"mkdf-iwt-title\" style=\"margin-top: 28px\">\n                                            <a itemprop=\"url\" href=\"#\" target=\"_self\">\n                                        <span class=\"mkdf-iwt-title-text\">T\u00c2CHES<\/span>\n                                            <\/a>\n                                    <\/h4>\n                                <\/div>\n    <\/div>\n<\/div>\t\t<\/div>\n\t\t\t\t<\/div>\n\t\t\t\t\t<\/div>\n\t\t<\/div>\n\t\t\t\t<div class=\"elementor-column elementor-col-25 elementor-inner-column elementor-element elementor-element-463aebe\" data-id=\"463aebe\" data-element_type=\"column\">\n\t\t\t<div class=\"elementor-widget-wrap elementor-element-populated\">\n\t\t\t\t\t\t<div class=\"elementor-element elementor-element-5afcf6c elementor-widget elementor-widget-mkdf_elementor_icon_with_text\" data-id=\"5afcf6c\" data-element_type=\"widget\" data-widget_type=\"mkdf_elementor_icon_with_text.default\">\n\t\t\t\t<div class=\"elementor-widget-container\">\n\t\t\t<div class=\"mkdf-iwt\">\n    <div class=\"mkdf-iwt-inner clearfix  mkdf-iwt-icon-top mkdf-iwt-icon-medium      \" >\n        <div class=\"mkdf-iwt-icon\">\n                            <a itemprop=\"url\" href=\"#\" target=\"_self\">\n                                                <img decoding=\"async\" width=\"69\" height=\"98\" data-src=\"https:\/\/www1.realestatecrm.io\/wp-content\/uploads\/2018\/06\/icon-img-3.png\" class=\"attachment-full size-full lazyload\" alt=\"k\" src=\"data:image\/gif;base64,R0lGODlhAQABAAAAACH5BAEKAAEALAAAAAABAAEAAAICTAEAOw==\" style=\"--smush-placeholder-width: 69px; --smush-placeholder-aspect-ratio: 69\/98;\" \/>                                                                    <\/a>\n                    <\/div>\n        <div class=\"mkdf-iwt-content\" style=\"padding-bottom: 21px\">\n                            <h4 class=\"mkdf-iwt-title\" style=\"margin-top: 28px\">\n                                            <a itemprop=\"url\" href=\"#\" target=\"_self\">\n                                        <span class=\"mkdf-iwt-title-text\">JOURNAUX D&#039;APPELS<\/span>\n                                            <\/a>\n                                    <\/h4>\n                                <\/div>\n    <\/div>\n<\/div>\t\t<\/div>\n\t\t\t\t<\/div>\n\t\t\t\t\t<\/div>\n\t\t<\/div>\n\t\t\t\t<div class=\"elementor-column elementor-col-25 elementor-inner-column elementor-element elementor-element-dfd3c6f\" data-id=\"dfd3c6f\" data-element_type=\"column\">\n\t\t\t<div class=\"elementor-widget-wrap elementor-element-populated\">\n\t\t\t\t\t\t<div class=\"elementor-element elementor-element-d48f888 elementor-widget elementor-widget-mkdf_elementor_icon_with_text\" data-id=\"d48f888\" data-element_type=\"widget\" data-widget_type=\"mkdf_elementor_icon_with_text.default\">\n\t\t\t\t<div class=\"elementor-widget-container\">\n\t\t\t<div class=\"mkdf-iwt\">\n    <div class=\"mkdf-iwt-inner clearfix  mkdf-iwt-icon-top mkdf-iwt-icon-medium      \" >\n        <div class=\"mkdf-iwt-icon\">\n                            <a itemprop=\"url\" href=\"#\" target=\"_self\">\n                                                <img decoding=\"async\" width=\"69\" height=\"98\" data-src=\"https:\/\/www1.realestatecrm.io\/wp-content\/uploads\/2018\/06\/icon-img-4.png\" class=\"attachment-full size-full lazyload\" alt=\"k\" src=\"data:image\/gif;base64,R0lGODlhAQABAAAAACH5BAEKAAEALAAAAAABAAEAAAICTAEAOw==\" style=\"--smush-placeholder-width: 69px; --smush-placeholder-aspect-ratio: 69\/98;\" \/>                                                                    <\/a>\n                    <\/div>\n        <div class=\"mkdf-iwt-content\" style=\"padding-bottom: 21px\">\n                            <h4 class=\"mkdf-iwt-title\" style=\"margin-top: 28px\">\n                                            <a itemprop=\"url\" href=\"#\" target=\"_self\">\n                                        <span class=\"mkdf-iwt-title-text\">CALENDRIER<\/span>\n                                            <\/a>\n                                    <\/h4>\n                                <\/div>\n    <\/div>\n<\/div>\t\t<\/div>\n\t\t\t\t<\/div>\n\t\t\t\t\t<\/div>\n\t\t<\/div>\n\t\t\t\t\t<\/div>\n\t\t<\/section>\n\t\t\t\t\t<\/div>\n\t\t<\/div>\n\t\t\t\t\t<\/div>\n\t\t<\/section>\n\t\t\t\t<\/div>\n\t\t","protected":false},"excerpt":{"rendered":"<p>G\u00e9rez Vos Activit\u00e9s L&rsquo;activit\u00e9 permet aux autres utilisateurs de savoir exactement ce qui s&rsquo;est pass\u00e9, quand ces activit\u00e9s ont eu lieu et combien de temps a \u00e9t\u00e9 utilis\u00e9 pour effectuer ou terminer ces activit\u00e9s. Voir les Tarifs Create tasks related [&hellip;]<\/p>\n","protected":false},"author":3,"featured_media":0,"parent":13763,"menu_order":0,"comment_status":"closed","ping_status":"closed","template":"","meta":{"footnotes":""},"class_list":["post-13585","page","type-page","status-publish","hentry"],"_links":{"self":[{"href":"https:\/\/www1.realestatecrm.io\/fr\/wp-json\/wp\/v2\/pages\/13585"}],"collection":[{"href":"https:\/\/www1.realestatecrm.io\/fr\/wp-json\/wp\/v2\/pages"}],"about":[{"href":"https:\/\/www1.realestatecrm.io\/fr\/wp-json\/wp\/v2\/types\/page"}],"author":[{"embeddable":true,"href":"https:\/\/www1.realestatecrm.io\/fr\/wp-json\/wp\/v2\/users\/3"}],"replies":[{"embeddable":true,"href":"https:\/\/www1.realestatecrm.io\/fr\/wp-json\/wp\/v2\/comments?post=13585"}],"version-history":[{"count":0,"href":"https:\/\/www1.realestatecrm.io\/fr\/wp-json\/wp\/v2\/pages\/13585\/revisions"}],"up":[{"embeddable":true,"href":"https:\/\/www1.realestatecrm.io\/fr\/wp-json\/wp\/v2\/pages\/13763"}],"wp:attachment":[{"href":"https:\/\/www1.realestatecrm.io\/fr\/wp-json\/wp\/v2\/media?parent=13585"}],"curies":[{"name":"wp","href":"https:\/\/api.w.org\/{rel}","templated":true}]}}