{"id":13748,"date":"2020-04-09T22:20:02","date_gmt":"2020-04-09T22:20:02","guid":{"rendered":"https:\/\/www1.realestatecrm.io\/a-propos-de-nous\/"},"modified":"2020-07-21T19:34:10","modified_gmt":"2020-07-21T12:34:10","slug":"a-propos-de-nous","status":"publish","type":"page","link":"https:\/\/www1.realestatecrm.io\/fr\/a-propos-de-nous\/","title":{"rendered":"\u00c0 propos de nous"},"content":{"rendered":"\t\t<div data-elementor-type=\"wp-page\" data-elementor-id=\"13748\" class=\"elementor elementor-13748 elementor-755\" data-elementor-post-type=\"page\">\n\t\t\t\t\t\t<section class=\"elementor-section elementor-top-section elementor-element elementor-element-a130dc3 elementor-section-full_width elementor-section-height-default elementor-section-height-default mkdf-parallax-row-no mkdf-row-grid-no mkdf-disabled-bg-image-bellow-no\" data-id=\"a130dc3\" data-element_type=\"section\" data-settings=\"{&quot;background_background&quot;:&quot;classic&quot;}\">\n\t\t\t\t\t\t<div class=\"elementor-container elementor-column-gap-default\">\n\t\t\t\t\t<div class=\"elementor-column elementor-col-100 elementor-top-column elementor-element elementor-element-385fbec\" data-id=\"385fbec\" data-element_type=\"column\">\n\t\t\t<div class=\"elementor-widget-wrap elementor-element-populated\">\n\t\t\t\t\t\t<section class=\"elementor-section elementor-inner-section elementor-element elementor-element-f1a25f8 elementor-section-full_width mkdf-row-grid-section elementor-section-height-default elementor-section-height-default mkdf-parallax-row-no mkdf-disabled-bg-image-bellow-no\" data-id=\"f1a25f8\" data-element_type=\"section\">\n\t\t\t\t\t\t<div class=\"elementor-container elementor-column-gap-default\">\n\t\t\t\t\t<div class=\"elementor-column elementor-col-100 elementor-inner-column elementor-element elementor-element-82a52a9\" data-id=\"82a52a9\" data-element_type=\"column\">\n\t\t\t<div class=\"elementor-widget-wrap elementor-element-populated\">\n\t\t\t\t\t\t<div class=\"elementor-element elementor-element-6041227 elementor-widget elementor-widget-mkdf_elementor_section_title\" data-id=\"6041227\" data-element_type=\"widget\" data-widget_type=\"mkdf_elementor_section_title.default\">\n\t\t\t\t<div class=\"elementor-widget-container\">\n\t\t\t<div class=\"mkdf-section-title-holder  mkdf-st-standard mkdf-st-title-left mkdf-st-normal-space \" style=\"text-align: left\">\n\t<div class=\"mkdf-st-inner\">\n\t\t\t\t\t<h2 class=\"mkdf-st-title\" >\n\t\t\t\tChanger<br \/> la Vie des Professionnels de l'Immobilier\t\t\t<\/h2>\n\t\t\t\t\t\t\t<p class=\"mkdf-st-text\" style=\"font-size: 20px;line-height: 33px\">\n\t\t\t\tRealEstateCRM.io est n\u00e9 du r\u00eave d'am\u00e9liorer l'efficacit\u00e9 et la transparence de l'industrie immobili\u00e8re en tirant parti de la technologie.\t\t\t<\/p>\n\t\t\t<\/div>\n<\/div>\t\t<\/div>\n\t\t\t\t<\/div>\n\t\t\t\t\t<\/div>\n\t\t<\/div>\n\t\t\t\t<div class=\"elementor-column elementor-col-100 elementor-inner-column elementor-element elementor-element-f5ae5ae\" data-id=\"f5ae5ae\" data-element_type=\"column\" data-settings=\"{&quot;animation&quot;:&quot;none&quot;}\">\n\t\t\t<div class=\"elementor-widget-wrap elementor-element-populated\">\n\t\t\t\t\t\t<div class=\"elementor-element elementor-element-aee485f elementor-widget elementor-widget-mkdf_elementor_single_image\" data-id=\"aee485f\" data-element_type=\"widget\" data-widget_type=\"mkdf_elementor_single_image.default\">\n\t\t\t\t<div class=\"elementor-widget-container\">\n\t\t\t<div class=\"mkdf-single-image-holder    \">\n    <div class=\"mkdf-si-inner\" >\n                                    <img fetchpriority=\"high\" decoding=\"async\" width=\"1183\" height=\"674\" src=\"https:\/\/www1.realestatecrm.io\/wp-content\/uploads\/2018\/06\/aboutus-img0.png\" class=\"attachment-full size-full\" alt=\"f\" srcset=\"https:\/\/www1.realestatecrm.io\/wp-content\/uploads\/2018\/06\/aboutus-img0.png 1183w, https:\/\/www1.realestatecrm.io\/wp-content\/uploads\/2018\/06\/aboutus-img0-300x171.png 300w, https:\/\/www1.realestatecrm.io\/wp-content\/uploads\/2018\/06\/aboutus-img0-1024x583.png 1024w, https:\/\/www1.realestatecrm.io\/wp-content\/uploads\/2018\/06\/aboutus-img0-768x438.png 768w\" sizes=\"(max-width: 1183px) 100vw, 1183px\" \/>                        <\/div>\n<\/div>\t\t<\/div>\n\t\t\t\t<\/div>\n\t\t\t\t\t<\/div>\n\t\t<\/div>\n\t\t\t\t\t<\/div>\n\t\t<\/section>\n\t\t\t\t\t<\/div>\n\t\t<\/div>\n\t\t\t\t\t<\/div>\n\t\t<\/section>\n\t\t\t\t<section class=\"elementor-section elementor-top-section elementor-element elementor-element-557b86c4 elementor-section-full_width mkdf-row-grid-section elementor-section-height-default elementor-section-height-default mkdf-parallax-row-no mkdf-disabled-bg-image-bellow-no\" data-id=\"557b86c4\" data-element_type=\"section\">\n\t\t\t\t\t\t<div class=\"elementor-container elementor-column-gap-default\">\n\t\t\t\t\t<div class=\"elementor-column elementor-col-25 elementor-top-column elementor-element elementor-element-3e7076da\" data-id=\"3e7076da\" data-element_type=\"column\">\n\t\t\t<div class=\"elementor-widget-wrap elementor-element-populated\">\n\t\t\t\t\t\t<div class=\"elementor-element elementor-element-733933a8 elementor-widget elementor-widget-mkdf_elementor_icon_with_text\" data-id=\"733933a8\" data-element_type=\"widget\" data-widget_type=\"mkdf_elementor_icon_with_text.default\">\n\t\t\t\t<div class=\"elementor-widget-container\">\n\t\t\t<div class=\"mkdf-iwt\">\n    <div class=\"mkdf-iwt-inner clearfix  mkdf-iwt-icon-top mkdf-iwt-icon-medium      \" >\n        <div class=\"mkdf-iwt-icon\">\n                            <a itemprop=\"url\" href=\"#\" target=\"_self\">\n                                                <img decoding=\"async\" width=\"69\" height=\"98\" data-src=\"https:\/\/www1.realestatecrm.io\/wp-content\/uploads\/2018\/06\/icon-img-1.png\" class=\"attachment-full size-full lazyload\" alt=\"j\" src=\"data:image\/gif;base64,R0lGODlhAQABAAAAACH5BAEKAAEALAAAAAABAAEAAAICTAEAOw==\" style=\"--smush-placeholder-width: 69px; --smush-placeholder-aspect-ratio: 69\/98;\" \/>                                                                    <\/a>\n                    <\/div>\n        <div class=\"mkdf-iwt-content\" style=\"padding-bottom: 21px\">\n                            <h4 class=\"mkdf-iwt-title\" style=\"margin-top: 28px\">\n                                            <a itemprop=\"url\" href=\"#\" target=\"_self\">\n                                        <span class=\"mkdf-iwt-title-text\">Excellents Conseils<\/span>\n                                            <\/a>\n                                    <\/h4>\n                                <\/div>\n    <\/div>\n<\/div>\t\t<\/div>\n\t\t\t\t<\/div>\n\t\t\t\t\t<\/div>\n\t\t<\/div>\n\t\t\t\t<div class=\"elementor-column elementor-col-25 elementor-top-column elementor-element elementor-element-5485483b\" data-id=\"5485483b\" data-element_type=\"column\">\n\t\t\t<div class=\"elementor-widget-wrap elementor-element-populated\">\n\t\t\t\t\t\t<div class=\"elementor-element elementor-element-66a4a500 elementor-widget elementor-widget-mkdf_elementor_icon_with_text\" data-id=\"66a4a500\" data-element_type=\"widget\" data-widget_type=\"mkdf_elementor_icon_with_text.default\">\n\t\t\t\t<div class=\"elementor-widget-container\">\n\t\t\t<div class=\"mkdf-iwt\">\n    <div class=\"mkdf-iwt-inner clearfix  mkdf-iwt-icon-top mkdf-iwt-icon-medium      \" >\n        <div class=\"mkdf-iwt-icon\">\n                            <a itemprop=\"url\" href=\"#\" target=\"_self\">\n                                                <img decoding=\"async\" width=\"69\" height=\"98\" data-src=\"https:\/\/www1.realestatecrm.io\/wp-content\/uploads\/2018\/06\/icon-img-2-1.png\" class=\"attachment-full size-full lazyload\" alt=\"f\" src=\"data:image\/gif;base64,R0lGODlhAQABAAAAACH5BAEKAAEALAAAAAABAAEAAAICTAEAOw==\" style=\"--smush-placeholder-width: 69px; --smush-placeholder-aspect-ratio: 69\/98;\" \/>                                                                    <\/a>\n                    <\/div>\n        <div class=\"mkdf-iwt-content\" style=\"padding-bottom: 21px\">\n                            <h4 class=\"mkdf-iwt-title\" style=\"margin-top: 28px\">\n                                            <a itemprop=\"url\" href=\"#\" target=\"_self\">\n                                        <span class=\"mkdf-iwt-title-text\">Des Repr\u00e9sentants Partout dans le Monde<\/span>\n                                            <\/a>\n                                    <\/h4>\n                                <\/div>\n    <\/div>\n<\/div>\t\t<\/div>\n\t\t\t\t<\/div>\n\t\t\t\t\t<\/div>\n\t\t<\/div>\n\t\t\t\t<div class=\"elementor-column elementor-col-25 elementor-top-column elementor-element elementor-element-3e008025\" data-id=\"3e008025\" data-element_type=\"column\">\n\t\t\t<div class=\"elementor-widget-wrap elementor-element-populated\">\n\t\t\t\t\t\t<div class=\"elementor-element elementor-element-339a2b5c elementor-widget elementor-widget-mkdf_elementor_icon_with_text\" data-id=\"339a2b5c\" data-element_type=\"widget\" data-widget_type=\"mkdf_elementor_icon_with_text.default\">\n\t\t\t\t<div class=\"elementor-widget-container\">\n\t\t\t<div class=\"mkdf-iwt\">\n    <div class=\"mkdf-iwt-inner clearfix  mkdf-iwt-icon-top mkdf-iwt-icon-medium      \" >\n        <div class=\"mkdf-iwt-icon\">\n                            <a itemprop=\"url\" href=\"#\" target=\"_self\">\n                                                <img decoding=\"async\" width=\"69\" height=\"98\" data-src=\"https:\/\/www1.realestatecrm.io\/wp-content\/uploads\/2018\/06\/icon-img-3.png\" class=\"attachment-full size-full lazyload\" alt=\"k\" src=\"data:image\/gif;base64,R0lGODlhAQABAAAAACH5BAEKAAEALAAAAAABAAEAAAICTAEAOw==\" style=\"--smush-placeholder-width: 69px; --smush-placeholder-aspect-ratio: 69\/98;\" \/>                                                                    <\/a>\n                    <\/div>\n        <div class=\"mkdf-iwt-content\" style=\"padding-bottom: 21px\">\n                            <h4 class=\"mkdf-iwt-title\" style=\"margin-top: 28px\">\n                                            <a itemprop=\"url\" href=\"#\" target=\"_self\">\n                                        <span class=\"mkdf-iwt-title-text\">Choix Optimal<\/span>\n                                            <\/a>\n                                    <\/h4>\n                                <\/div>\n    <\/div>\n<\/div>\t\t<\/div>\n\t\t\t\t<\/div>\n\t\t\t\t\t<\/div>\n\t\t<\/div>\n\t\t\t\t<div class=\"elementor-column elementor-col-25 elementor-top-column elementor-element elementor-element-7c76b1c1\" data-id=\"7c76b1c1\" data-element_type=\"column\">\n\t\t\t<div class=\"elementor-widget-wrap elementor-element-populated\">\n\t\t\t\t\t\t<div class=\"elementor-element elementor-element-53245bba elementor-widget elementor-widget-mkdf_elementor_icon_with_text\" data-id=\"53245bba\" data-element_type=\"widget\" data-widget_type=\"mkdf_elementor_icon_with_text.default\">\n\t\t\t\t<div class=\"elementor-widget-container\">\n\t\t\t<div class=\"mkdf-iwt\">\n    <div class=\"mkdf-iwt-inner clearfix  mkdf-iwt-icon-top mkdf-iwt-icon-medium      \" >\n        <div class=\"mkdf-iwt-icon\">\n                            <a itemprop=\"url\" href=\"#\" target=\"_self\">\n                                                <img decoding=\"async\" width=\"69\" height=\"98\" data-src=\"https:\/\/www1.realestatecrm.io\/wp-content\/uploads\/2018\/06\/icon-img-4.png\" class=\"attachment-full size-full lazyload\" alt=\"k\" src=\"data:image\/gif;base64,R0lGODlhAQABAAAAACH5BAEKAAEALAAAAAABAAEAAAICTAEAOw==\" style=\"--smush-placeholder-width: 69px; --smush-placeholder-aspect-ratio: 69\/98;\" \/>                                                                    <\/a>\n                    <\/div>\n        <div class=\"mkdf-iwt-content\" style=\"padding-bottom: 21px\">\n                            <h4 class=\"mkdf-iwt-title\" style=\"margin-top: 28px\">\n                                            <a itemprop=\"url\" href=\"#\" target=\"_self\">\n                                        <span class=\"mkdf-iwt-title-text\">Analyse de March\u00e9<\/span>\n                                            <\/a>\n                                    <\/h4>\n                                <\/div>\n    <\/div>\n<\/div>\t\t<\/div>\n\t\t\t\t<\/div>\n\t\t\t\t\t<\/div>\n\t\t<\/div>\n\t\t\t\t\t<\/div>\n\t\t<\/section>\n\t\t\t\t<section class=\"elementor-section elementor-top-section elementor-element elementor-element-50ddc8d elementor-section-boxed elementor-section-height-default elementor-section-height-default mkdf-parallax-row-no mkdf-row-grid-no mkdf-disabled-bg-image-bellow-no\" data-id=\"50ddc8d\" data-element_type=\"section\">\n\t\t\t\t\t\t<div class=\"elementor-container elementor-column-gap-default\">\n\t\t\t\t\t<div class=\"elementor-column elementor-col-100 elementor-top-column elementor-element elementor-element-e518451\" data-id=\"e518451\" data-element_type=\"column\">\n\t\t\t<div class=\"elementor-widget-wrap elementor-element-populated\">\n\t\t\t\t\t\t<div class=\"elementor-element elementor-element-58ac58c elementor-widget elementor-widget-mkdf_elementor_section_title\" data-id=\"58ac58c\" data-element_type=\"widget\" data-widget_type=\"mkdf_elementor_section_title.default\">\n\t\t\t\t<div class=\"elementor-widget-container\">\n\t\t\t<div class=\"mkdf-section-title-holder  mkdf-st-standard mkdf-st-title-left mkdf-st-normal-space \" style=\"text-align: center\">\n\t<div class=\"mkdf-st-inner\">\n\t\t\t\t\t<h4 class=\"mkdf-st-title\" >\n\t\t\t\tNous avons une \u00e9quipe d'ing\u00e9nierie, de vente et de marketing en Europe, au Moyen-Orient et en Asie.\t\t\t<\/h4>\n\t\t\t\t\t<\/div>\n<\/div>\t\t<\/div>\n\t\t\t\t<\/div>\n\t\t\t\t\t<\/div>\n\t\t<\/div>\n\t\t\t\t\t<\/div>\n\t\t<\/section>\n\t\t\t\t<section class=\"elementor-section elementor-top-section elementor-element elementor-element-d36e803 elementor-section-full_width elementor-section-content-middle mkdf-row-grid-section elementor-section-height-default elementor-section-height-default mkdf-parallax-row-no mkdf-disabled-bg-image-bellow-no\" data-id=\"d36e803\" data-element_type=\"section\" data-settings=\"{&quot;background_background&quot;:&quot;classic&quot;}\">\n\t\t\t\t\t\t<div class=\"elementor-container elementor-column-gap-default\">\n\t\t\t\t\t<div class=\"elementor-column elementor-col-33 elementor-top-column elementor-element elementor-element-5c1aca3\" data-id=\"5c1aca3\" data-element_type=\"column\">\n\t\t\t<div class=\"elementor-widget-wrap elementor-element-populated\">\n\t\t\t\t\t\t<div class=\"elementor-element elementor-element-3fe7aae elementor-widget elementor-widget-mkdf_elementor_section_title\" data-id=\"3fe7aae\" data-element_type=\"widget\" data-widget_type=\"mkdf_elementor_section_title.default\">\n\t\t\t\t<div class=\"elementor-widget-container\">\n\t\t\t<div class=\"mkdf-section-title-holder  mkdf-st-standard mkdf-st-title-left mkdf-st-normal-space \" style=\"text-align: left\">\n\t<div class=\"mkdf-st-inner\">\n\t\t\t\t\t<h3 class=\"mkdf-st-title\" >\n\t\t\t\tSolutions de Pointe\t\t\t<\/h3>\n\t\t\t\t\t\t\t<p class=\"mkdf-st-text\" style=\"font-size: 20px;line-height: 33px\">\n\t\t\t\tCompos\u00e9e de professionnels de l'immobilier, de sp\u00e9cialistes du marketing, de d\u00e9veloppeurs de logiciels et de support client, notre \u00e9quipe d\u00e9veloppe des solutions de pointe pour les professionnels de l'immobilier.\t\t\t<\/p>\n\t\t\t<\/div>\n<\/div>\t\t<\/div>\n\t\t\t\t<\/div>\n\t\t\t\t<div class=\"elementor-element elementor-element-ad86dea elementor-widget elementor-widget-mkdf_elementor_section_title\" data-id=\"ad86dea\" data-element_type=\"widget\" data-widget_type=\"mkdf_elementor_section_title.default\">\n\t\t\t\t<div class=\"elementor-widget-container\">\n\t\t\t<div class=\"mkdf-section-title-holder  mkdf-st-standard mkdf-st-title-left mkdf-st-normal-space \" style=\"text-align: left\">\n\t<div class=\"mkdf-st-inner\">\n\t\t\t\t\t\t\t<p class=\"mkdf-st-text\" style=\"font-size: 20px;line-height: 33px\">\n\t\t\t\tNotre objectif est de devenir la r\u00e9f\u00e9rence en termes de plateforme immobili\u00e8re et d'offrir une solution \u00e0 une industrie qui en a besoin.\t\t\t<\/p>\n\t\t\t<\/div>\n<\/div>\t\t<\/div>\n\t\t\t\t<\/div>\n\t\t\t\t\t<\/div>\n\t\t<\/div>\n\t\t\t\t<div class=\"elementor-column elementor-col-66 elementor-top-column elementor-element elementor-element-957a050\" data-id=\"957a050\" data-element_type=\"column\">\n\t\t\t<div class=\"elementor-widget-wrap elementor-element-populated\">\n\t\t\t\t\t\t<div class=\"elementor-element elementor-element-84476b5 elementor-widget elementor-widget-mkdf_elementor_single_image\" data-id=\"84476b5\" data-element_type=\"widget\" data-widget_type=\"mkdf_elementor_single_image.default\">\n\t\t\t\t<div class=\"elementor-widget-container\">\n\t\t\t<div class=\"mkdf-single-image-holder    \">\n    <div class=\"mkdf-si-inner\" >\n                                    <img decoding=\"async\" width=\"1098\" height=\"719\" data-src=\"https:\/\/www1.realestatecrm.io\/wp-content\/uploads\/2018\/06\/aboutus-img1.jpg\" class=\"attachment-full size-full lazyload\" alt=\"\" data-srcset=\"https:\/\/www1.realestatecrm.io\/wp-content\/uploads\/2018\/06\/aboutus-img1.jpg 1098w, https:\/\/www1.realestatecrm.io\/wp-content\/uploads\/2018\/06\/aboutus-img1-300x196.jpg 300w, https:\/\/www1.realestatecrm.io\/wp-content\/uploads\/2018\/06\/aboutus-img1-1024x671.jpg 1024w, https:\/\/www1.realestatecrm.io\/wp-content\/uploads\/2018\/06\/aboutus-img1-768x503.jpg 768w\" data-sizes=\"(max-width: 1098px) 100vw, 1098px\" src=\"data:image\/gif;base64,R0lGODlhAQABAAAAACH5BAEKAAEALAAAAAABAAEAAAICTAEAOw==\" style=\"--smush-placeholder-width: 1098px; --smush-placeholder-aspect-ratio: 1098\/719;\" \/>                        <\/div>\n<\/div>\t\t<\/div>\n\t\t\t\t<\/div>\n\t\t\t\t\t<\/div>\n\t\t<\/div>\n\t\t\t\t\t<\/div>\n\t\t<\/section>\n\t\t\t\t<section class=\"elementor-section elementor-top-section elementor-element elementor-element-684b68f8 elementor-section-full_width mkdf-row-grid-section elementor-section-content-middle elementor-section-height-default elementor-section-height-default mkdf-parallax-row-no mkdf-disabled-bg-image-bellow-no\" data-id=\"684b68f8\" data-element_type=\"section\">\n\t\t\t\t\t\t<div class=\"elementor-container elementor-column-gap-default\">\n\t\t\t\t\t<div class=\"elementor-column elementor-col-50 elementor-top-column elementor-element elementor-element-5b9a37f2\" data-id=\"5b9a37f2\" data-element_type=\"column\">\n\t\t\t<div class=\"elementor-widget-wrap elementor-element-populated\">\n\t\t\t\t\t\t<div class=\"elementor-element elementor-element-20eaa211 elementor-widget elementor-widget-mkdf_elementor_floating_images\" data-id=\"20eaa211\" data-element_type=\"widget\" data-widget_type=\"mkdf_elementor_floating_images.default\">\n\t\t\t\t<div class=\"elementor-widget-container\">\n\t\t\t<div class=\"mkdf-floating-images-holder mkdf-fi-left-aligned mkdf-fi-parallax\">\n    <div class=\"mkdf-fi-inner\">\n        <div class=\"mkdf-fi-image-holder mkdf-fi-main-image-holder\">\n            <div class=\"mkdf-fi-image-wrapper\" data-parallax=\"{&quot;y&quot;: -87, &quot;smoothness&quot;: 20}\">\n                <img decoding=\"async\" class=\"mkdf-fi-main-image lazyload\" \n                     \n                                        data-src=\"https:\/\/www1.realestatecrm.io\/wp-content\/uploads\/2020\/02\/21111-Converted.png\" \n                    alt=\"21111-[Converted]\" src=\"data:image\/gif;base64,R0lGODlhAQABAAAAACH5BAEKAAEALAAAAAABAAEAAAICTAEAOw==\" style=\"--smush-placeholder-width: 450px; --smush-placeholder-aspect-ratio: 450\/381;\" \/>\n            <\/div>\n        <\/div>\n        <div class=\"mkdf-fi-image-holder mkdf-fi-aux-image-holder\">\n            <div class=\"mkdf-fi-image-wrapper\" data-parallax=\"{&quot;y&quot;: -36, &quot;smoothness&quot;: 20}\">\n                <img decoding=\"async\" class=\"mkdf-fi-aux-image lazyload\" \n                    data-x=\"-90%\" \n                                        data-src=\"https:\/\/www1.realestatecrm.io\/wp-content\/uploads\/2020\/02\/2164246.png\" \n                    alt=\"2164246\" src=\"data:image\/gif;base64,R0lGODlhAQABAAAAACH5BAEKAAEALAAAAAABAAEAAAICTAEAOw==\" style=\"--smush-placeholder-width: 500px; --smush-placeholder-aspect-ratio: 500\/500;\" \/>\n            <\/div>\n        <\/div>\n                                <div class=\"mkdf-fi-image-overlay\" style=\"background-image: url();\" data-parallax=\"{&quot;y&quot;: -34, &quot;smoothness&quot;: 20}\"><\/div>\n            <\/div>\n<\/div>\n\t\t<\/div>\n\t\t\t\t<\/div>\n\t\t\t\t\t<\/div>\n\t\t<\/div>\n\t\t\t\t<div class=\"elementor-column elementor-col-50 elementor-top-column elementor-element elementor-element-689ffd2a\" data-id=\"689ffd2a\" data-element_type=\"column\">\n\t\t\t<div class=\"elementor-widget-wrap elementor-element-populated\">\n\t\t\t\t\t\t<div class=\"elementor-element elementor-element-2406573a elementor-widget elementor-widget-mkdf_elementor_section_title\" data-id=\"2406573a\" data-element_type=\"widget\" data-widget_type=\"mkdf_elementor_section_title.default\">\n\t\t\t\t<div class=\"elementor-widget-container\">\n\t\t\t<div class=\"mkdf-section-title-holder  mkdf-st-standard mkdf-st-title-left mkdf-st-normal-space \" >\n\t<div class=\"mkdf-st-inner\">\n\t\t\t\t\t<h3 class=\"mkdf-st-title\" >\n\t\t\t\tNous G\u00e9rons<br \/> l'Int\u00e9gralit\u00e9 de Votre Workflow\t\t\t<\/h3>\n\t\t\t\t\t\t\t<p class=\"mkdf-st-text\" style=\"font-size: 20px;line-height: 31px;margin-top: 17px\">\n\t\t\t\tAdoptez un syst\u00e8me qui \u00e9voluera avec votre entreprise et vous apportera de nouvelles opportunit\u00e9s.\t\t\t<\/p>\n\t\t\t<\/div>\n<\/div>\t\t<\/div>\n\t\t\t\t<\/div>\n\t\t\t\t<div class=\"elementor-element elementor-element-cd69cf7 elementor-widget elementor-widget-mkdf_elementor_section_title\" data-id=\"cd69cf7\" data-element_type=\"widget\" data-widget_type=\"mkdf_elementor_section_title.default\">\n\t\t\t\t<div class=\"elementor-widget-container\">\n\t\t\t<div class=\"mkdf-section-title-holder  mkdf-st-standard mkdf-st-title-left mkdf-st-normal-space \" >\n\t<div class=\"mkdf-st-inner\">\n\t\t\t\t\t\t\t<p class=\"mkdf-st-text\" style=\"font-size: 20px;line-height: 31px;margin-top: 17px\">\n\t\t\t\tNotre objectif est \u00e9galement d'apporter plus de collaboration et d'interactions en interne et en externe.\t\t\t<\/p>\n\t\t\t<\/div>\n<\/div>\t\t<\/div>\n\t\t\t\t<\/div>\n\t\t\t\t<div class=\"elementor-element elementor-element-750ad1d elementor-widget elementor-widget-mkdf_elementor_section_title\" data-id=\"750ad1d\" data-element_type=\"widget\" data-widget_type=\"mkdf_elementor_section_title.default\">\n\t\t\t\t<div class=\"elementor-widget-container\">\n\t\t\t<div class=\"mkdf-section-title-holder  mkdf-st-standard mkdf-st-title-left mkdf-st-normal-space \" >\n\t<div class=\"mkdf-st-inner\">\n\t\t\t\t\t\t\t<p class=\"mkdf-st-text\" style=\"font-size: 20px;line-height: 31px;margin-top: 17px\">\n\t\t\t\tLes informations sont essentielles et le march\u00e9 est mondial.\t\t\t<\/p>\n\t\t\t<\/div>\n<\/div>\t\t<\/div>\n\t\t\t\t<\/div>\n\t\t\t\t<div class=\"elementor-element elementor-element-4eaaf4b elementor-widget elementor-widget-mkdf_elementor_section_title\" data-id=\"4eaaf4b\" data-element_type=\"widget\" data-widget_type=\"mkdf_elementor_section_title.default\">\n\t\t\t\t<div class=\"elementor-widget-container\">\n\t\t\t<div class=\"mkdf-section-title-holder  mkdf-st-standard mkdf-st-title-left mkdf-st-normal-space \" >\n\t<div class=\"mkdf-st-inner\">\n\t\t\t\t\t\t\t<p class=\"mkdf-st-text\" style=\"font-size: 20px;line-height: 31px;margin-top: 17px\">\n\t\t\t\tNous nous concentrons sur ce qui compte en augmentant votre niveau.\t\t\t<\/p>\n\t\t\t<\/div>\n<\/div>\t\t<\/div>\n\t\t\t\t<\/div>\n\t\t\t\t\t<\/div>\n\t\t<\/div>\n\t\t\t\t\t<\/div>\n\t\t<\/section>\n\t\t\t\t<\/div>\n\t\t","protected":false},"excerpt":{"rendered":"<p>Changer la Vie des Professionnels de l&rsquo;Immobilier RealEstateCRM.io est n\u00e9 du r\u00eave d&rsquo;am\u00e9liorer l&rsquo;efficacit\u00e9 et la transparence de l&rsquo;industrie immobili\u00e8re en tirant parti de la technologie. Excellents Conseils Des Repr\u00e9sentants Partout dans le Monde Choix Optimal Analyse de March\u00e9 Nous [&hellip;]<\/p>\n","protected":false},"author":3,"featured_media":0,"parent":0,"menu_order":0,"comment_status":"closed","ping_status":"closed","template":"full-width.php","meta":{"footnotes":""},"class_list":["post-13748","page","type-page","status-publish","hentry"],"_links":{"self":[{"href":"https:\/\/www1.realestatecrm.io\/fr\/wp-json\/wp\/v2\/pages\/13748"}],"collection":[{"href":"https:\/\/www1.realestatecrm.io\/fr\/wp-json\/wp\/v2\/pages"}],"about":[{"href":"https:\/\/www1.realestatecrm.io\/fr\/wp-json\/wp\/v2\/types\/page"}],"author":[{"embeddable":true,"href":"https:\/\/www1.realestatecrm.io\/fr\/wp-json\/wp\/v2\/users\/3"}],"replies":[{"embeddable":true,"href":"https:\/\/www1.realestatecrm.io\/fr\/wp-json\/wp\/v2\/comments?post=13748"}],"version-history":[{"count":1,"href":"https:\/\/www1.realestatecrm.io\/fr\/wp-json\/wp\/v2\/pages\/13748\/revisions"}],"predecessor-version":[{"id":14707,"href":"https:\/\/www1.realestatecrm.io\/fr\/wp-json\/wp\/v2\/pages\/13748\/revisions\/14707"}],"wp:attachment":[{"href":"https:\/\/www1.realestatecrm.io\/fr\/wp-json\/wp\/v2\/media?parent=13748"}],"curies":[{"name":"wp","href":"https:\/\/api.w.org\/{rel}","templated":true}]}}